{"id":857,"date":"2025-12-30T02:58:46","date_gmt":"2025-12-30T00:58:46","guid":{"rendered":"https:\/\/centrumpolonia.org\/?page_id=857"},"modified":"2026-02-18T00:14:38","modified_gmt":"2026-02-17T22:14:38","slug":"%d0%bf%d1%80%d0%be-%d0%b5%d0%ba%d0%b7%d0%b0%d0%bc%d0%b5%d0%bd","status":"publish","type":"page","link":"https:\/\/centrumpolonia.org\/?page_id=857","title":{"rendered":"O egzaminie"},"content":{"rendered":"\n<p>Pa\u0144stwowy egzamin certyfikatowy z j\u0119zyka polskiego jako obcego\u00a0potwierdza bieg\u0142o\u015b\u0107 j\u0119zykow\u0105 (poziomy B1-C2) i jest uznawany na \u015bwiecie, u\u0142atwiaj\u0105c m.in. prac\u0119, studia czy uzyskanie obywatelstwa. Sk\u0142ada si\u0119 z cz\u0119\u015bci pisemnej i ustnej, trwa 4,5-5 miesi\u0119cy na wyniki, a certyfikat jest wa\u017cny bezterminowo.\u00a0<\/p>\n\n\n\n<p><strong>Najwa\u017cniejsze informacje o egzaminie certyfikatowym:<\/strong><\/p>\n\n\n\n<ul class=\"wp-block-list\">\n<li><strong>Cel i zastosowanie:<\/strong> Certyfikat jest oficjalnym dokumentem potwierdzaj\u0105cym znajomo\u015b\u0107 j\u0119zyka polskiego. Poziom B1 jest wymagany do uzyskania karty sta\u0142ego pobytu, karty rezydenta UE oraz obywatelstwa RP; B2 do podj\u0119cia studi\u00f3w wy\u017cszych, a C1 daje dodatkowe uprawnienia, np. bezp\u0142atne studia na uczelniach pa\u0144stwowych.<\/li>\n\n\n\n<li><strong>Struktura i poziomy:<\/strong> Egzaminy odbywaj\u0105 si\u0119 na 4 poziomach zaawansowania (B1-C2) dla doros\u0142ych oraz 2 poziomach (B1-B2) dla dzieci i m\u0142odzie\u017cy. Sk\u0142ada si\u0119 z komponent\u00f3w rozumienia ze s\u0142uchu, pisania, czytania, gramatyki oraz cz\u0119\u015bci ustnej.<\/li>\n\n\n\n<li><strong>Przebieg i ocena:<\/strong> Aby zda\u0107, nale\u017cy uzyska\u0107 minimum 50% punkt\u00f3w z ka\u017cdej cz\u0119\u015bci (B1), 60% &#8211; (B2-C1). Egzaminy odbywaj\u0105 si\u0119 w wyznaczonych przez ministerstwo o\u015brodkach w kraju i za granic\u0105.<\/li>\n\n\n\n<li><strong>Rejestracja i op\u0142aty:<\/strong> Zapisy odbywaj\u0105 si\u0119 przez formularze na stronach o\u015brodk\u00f3w. Egzaminy s\u0105 odp\u0142atne, ale wysoko\u015b\u0107 op\u0142at ustala ka\u017cdy z o\u015brodk\u00f3w egzaminacyjnych (podmiot\u00f3w uprawnionych), nie przekraczaj\u0105c maksymalnej sumy za egzamin na danym poziomie zaawansowania, okre\u015blonej przez ustawodawc\u0119: 90 \u20ac \u2013 egzaminy B1-B2 dla dzieci i m\u0142odzie\u017cy; 150 \u20ac \u2013 poziom B1, B2 w grupie doros\u0142ych; 180 \u20ac \u2013 poziom C1, C2 w grupie doros\u0142ych. Op\u0142ata za wydanie certyfikatu stanowi r\u00f3wnowarto\u015b\u0107 w z\u0142otych \u00a020 euro.<\/li>\n\n\n\n<li><strong>Alternatywa: <\/strong>Istnieje mo\u017cliwo\u015b\u0107 uzyskania certyfikatu bez egzaminu dla absolwent\u00f3w polskich szk\u00f3\u0142 (ponadgimnazjalnych, \u015brednich lub wy\u017cszych), co wymaga z\u0142o\u017cenia wniosku do komisji.<\/li>\n<\/ul>\n","protected":false},"excerpt":{"rendered":"<p>Pa\u0144stwowy egzamin certyfikatowy z j\u0119zyka polskiego jako obcego\u00a0potwierdza bieg\u0142o\u015b\u0107 j\u0119zykow\u0105 (poziomy B1-C2) i jest uznawany na \u015bwiecie, u\u0142atwiaj\u0105c m.in. prac\u0119, studia czy uzyskanie obywatelstwa. Sk\u0142ada<a class=\"moretag\" href=\"https:\/\/centrumpolonia.org\/?page_id=857\"> [&#8230;]<\/a><\/p>\n","protected":false},"author":1,"featured_media":0,"parent":8,"menu_order":1,"comment_status":"closed","ping_status":"closed","template":"","meta":{"footnotes":""},"class_list":["post-857","page","type-page","status-publish","hentry"],"_links":{"self":[{"href":"https:\/\/centrumpolonia.org\/index.php?rest_route=\/wp\/v2\/pages\/857","targetHints":{"allow":["GET"]}}],"collection":[{"href":"https:\/\/centrumpolonia.org\/index.php?rest_route=\/wp\/v2\/pages"}],"about":[{"href":"https:\/\/centrumpolonia.org\/index.php?rest_route=\/wp\/v2\/types\/page"}],"author":[{"embeddable":true,"href":"https:\/\/centrumpolonia.org\/index.php?rest_route=\/wp\/v2\/users\/1"}],"replies":[{"embeddable":true,"href":"https:\/\/centrumpolonia.org\/index.php?rest_route=%2Fwp%2Fv2%2Fcomments&post=857"}],"version-history":[{"count":9,"href":"https:\/\/centrumpolonia.org\/index.php?rest_route=\/wp\/v2\/pages\/857\/revisions"}],"predecessor-version":[{"id":904,"href":"https:\/\/centrumpolonia.org\/index.php?rest_route=\/wp\/v2\/pages\/857\/revisions\/904"}],"up":[{"embeddable":true,"href":"https:\/\/centrumpolonia.org\/index.php?rest_route=\/wp\/v2\/pages\/8"}],"wp:attachment":[{"href":"https:\/\/centrumpolonia.org\/index.php?rest_route=%2Fwp%2Fv2%2Fmedia&parent=857"}],"curies":[{"name":"wp","href":"https:\/\/api.w.org\/{rel}","templated":true}]}}