{"id":8,"date":"2021-09-15T22:42:46","date_gmt":"2021-09-15T19:42:46","guid":{"rendered":"http:\/\/centrumpolonia.org\/?page_id=8"},"modified":"2026-02-25T10:58:33","modified_gmt":"2026-02-25T08:58:33","slug":"%d0%b1%d0%bb%d0%be%d0%b3","status":"publish","type":"page","link":"https:\/\/centrumpolonia.org\/?page_id=8","title":{"rendered":"PA\u0143STWOWY EGZAMIN Z J\u0118ZYKA POLSKIEGO JAKO OBCEGO"},"content":{"rendered":"\n<p><strong>Szanowni Pa\u0144stwo,<\/strong><\/p>\n\n\n\n<p>Centrum Rozwoju i Partnerstwa \u201ePolonia\u201d na mocy decyzji&nbsp;Ministerstwa Edukacji i Nauki Nr 25\/DWM\/2025 do 11 wrze\u015bnia 2027 r. ma prawo do przeprowadzania egzamin\u00f3w certyfikacyjnych z j\u0119zyka polskiego jako obcego na poziomach:<\/p>\n\n\n\n<p>B1, B2, C1 i C2 w grupach dostosowanych do potrzeb os\u00f3b doros\u0142ych (16+); B1 i B2 w grupach dostosowanych do potrzeb dzieci i m\u0142odzie\u017cy <\/p>\n\n\n\n<p><strong>Najbli\u017cszy<\/strong>&nbsp;pa\u0144stwowy&nbsp;<strong>egzamin<\/strong>&nbsp;certyfikatowy z&nbsp;j\u0119zyka polskiego jako obcego&nbsp;<strong>odb\u0119dzie si\u0119<\/strong>&nbsp;w&nbsp;dniach&nbsp;<strong><strong>25-26 kwietnia 2026<\/strong> r.<\/strong>, zgodnie z&nbsp;kalendarzem Pa\u0144stwowej Komisji do spraw Po\u015bwiadczania Znajomo\u015bci J\u0119zyka Polskiego jako Obcego.<\/p>\n\n\n\n<p>Poziomy:&nbsp;B1, B2 oraz C1 w&nbsp;grupie dostosowanej do potrzeb os\u00f3b doros\u0142ych (16+).<\/p>\n\n\n\n<p class=\"has-text-align-center has-vivid-purple-color has-text-color\"><a href=\"https:\/\/forms.gle\/4M3fS3UC69zedDd7A\" data-type=\"URL\" target=\"_blank\" rel=\"noreferrer noopener\">Zapraszamy na <strong>KURSY PRZYGOTOWUJ\u0104CE DO EGZAMIN\u00d3W CERTYFIKATOWYCH <\/strong>z j\u0119zyka polskiego jako obcego &#8211; LINK!!! <\/a><\/p>\n\n\n\n<p class=\"has-text-align-center has-vivid-purple-color has-text-color\"><strong>Dla uczestnik\u00f3w kurs\u00f3w &#8211; gwarantujemy miejsce na egzaminie w dniach 25-26 <strong>kwietnia<\/strong> 2026 roku !!!<\/strong><\/p>\n\n\n\n<p class=\"has-text-align-center has-vivid-red-color has-text-color\"><strong>REJESTRACJA NA EGZAMIN ROZPOCZNIE SI\u0118 25 lutego 2026 r. o godzinie 10:00<\/strong><\/p>\n\n\n\n<p class=\"has-text-align-left has-vivid-red-color has-text-color\"><strong>Krok 1:<\/strong>\u00a0<a href=\"https:\/\/forms.gle\/muXUcDKZGP8yS3QV9\" target=\"_blank\" rel=\"noreferrer noopener\"><strong>WYPE\u0141NI\u0106 ZG\u0141OSZENIE<\/strong> \u2013 <strong>LINK<\/strong><\/a><\/p>\n\n\n\n<p class=\"has-vivid-red-color has-text-color\"><strong>Krok 2:<\/strong>&nbsp;Na e-mail podany w zg\u0142oszeniu dostan\u0105 Pa\u0144stwo potwierdzenie oraz informacj\u0119 o p\u0142atno\u015bci, kt\u00f3rej nale\u017cy dokona\u0107 w ci\u0105gu 5 dni.<\/p>\n\n\n\n<p class=\"has-vivid-red-color has-text-color\"><strong>Krok 3:<\/strong>&nbsp;Po dokonaniu p\u0142atno\u015bci b\u0119d\u0105 Pa\u0144stwo dodani do listy zdaj\u0105cych w wybranym terminie. Je\u015bli zostanie wyczerpany limit miejsc \u2013 znajd\u0105 si\u0119 dane osoby w kolejce oczekuj\u0105cych na nast\u0119pn\u0105 sesj\u0119.<\/p>\n\n\n\n<p class=\"has-text-align-center has-vivid-cyan-blue-color has-text-color\"><strong>UWAGA!!! \u0412 \u0417\u0412\u2019\u042f\u0417\u041a\u0423 \u0406\u0417 \u0412\u0406\u0419\u0421\u042c\u041a\u041e\u0412\u0418\u041c \u0421\u0422\u0410\u041d\u041e\u041c \u041d\u0410 \u0422\u0415\u0420\u0418\u0422\u041e\u0420\u0406\u0407 \u0423\u041a\u0420\u0410\u0407\u041d\u0418 \u0415\u041a\u0417\u0410\u041c\u0415\u041d \u0412\u0406\u0414\u0411\u0423\u0414\u0415\u0422\u042c\u0421\u042f \u0423 \u043c.\u0422\u041e\u0420\u0423\u041d\u042c (\u041f\u041e\u041b\u042c\u0429\u0410)<\/strong><\/p>\n\n\n\n<p><strong>Rejestracja zostanie zako\u0144czona po wyczerpaniu miejsc.<\/strong> <strong>Decyduje kolejno\u015b\u0107 zg\u0142osze\u0144 i dokonania op\u0142aty.<\/strong><\/p>\n\n\n\n<p>W razie pyta\u0144, zapraszamy do kontaktu:&nbsp;<a href=\"mailto:polcertyfikat@gmail.com\" data-type=\"mailto\" data-id=\"mailto:polcertyfikat@gmail.com\">polcertyfikat@gmail.com<\/a><\/p>\n\n\n\n<p>Zach\u0119camy do zapoznania si\u0119 z&nbsp;poni\u017csz\u0105 informacj\u0105.<\/p>\n\n\n\n<p><a href=\"http:\/\/certyfikatpolski.pl\/o-egzaminie\/wskazowki-dla-zdajacych\/\" target=\"_blank\" rel=\"noreferrer noopener\">Przepisy prawne i wskaz\u00f3wki praktyczne<\/a><\/p>\n\n\n\n<p><a href=\"https:\/\/certyfikatpolski.pl\/o-egzaminie\/kto-moze-zdawac-egzamin\/\" data-type=\"URL\" data-id=\"https:\/\/certyfikatpolski.pl\/o-egzaminie\/kto-moze-zdawac-egzamin\/\" target=\"_blank\" rel=\"noreferrer noopener\">Kto mo\u017ce zdawa\u0107 egzamin<\/a><\/p>\n\n\n\n<p><a href=\"http:\/\/certyfikatpolski.pl\/archiwum\/rodo-obowiazek-informacyjny\/\" target=\"_blank\" rel=\"noreferrer noopener\">RODO \u2013 obowi\u0105zek informacyjny<\/a><\/p>\n\n\n\n<p><a rel=\"noreferrer noopener\" href=\"https:\/\/certyfikatpolski.pl\/terminy-sesji-egzaminacyjnych-w-2026-roku\/\" target=\"_blank\">Kalendarz egzamin\u00f3w w&nbsp;roku 202<\/a><a href=\"https:\/\/certyfikatpolski.pl\/terminy-sesji-egzaminacyjnych-w-2026-roku\/\" target=\"_blank\" rel=\"noreferrer noopener\">6<\/a><\/p>\n\n\n\n<p><\/p>\n","protected":false},"excerpt":{"rendered":"<p>Szanowni Pa\u0144stwo, Centrum Rozwoju i Partnerstwa \u201ePolonia\u201d na mocy decyzji&nbsp;Ministerstwa Edukacji i Nauki Nr 25\/DWM\/2025 do 11 wrze\u015bnia 2027 r. ma prawo do przeprowadzania egzamin\u00f3w<a class=\"moretag\" href=\"https:\/\/centrumpolonia.org\/?page_id=8\"> [&#8230;]<\/a><\/p>\n","protected":false},"author":1,"featured_media":0,"parent":0,"menu_order":0,"comment_status":"closed","ping_status":"closed","template":"","meta":{"footnotes":""},"class_list":["post-8","page","type-page","status-publish","hentry"],"_links":{"self":[{"href":"https:\/\/centrumpolonia.org\/index.php?rest_route=\/wp\/v2\/pages\/8","targetHints":{"allow":["GET"]}}],"collection":[{"href":"https:\/\/centrumpolonia.org\/index.php?rest_route=\/wp\/v2\/pages"}],"about":[{"href":"https:\/\/centrumpolonia.org\/index.php?rest_route=\/wp\/v2\/types\/page"}],"author":[{"embeddable":true,"href":"https:\/\/centrumpolonia.org\/index.php?rest_route=\/wp\/v2\/users\/1"}],"replies":[{"embeddable":true,"href":"https:\/\/centrumpolonia.org\/index.php?rest_route=%2Fwp%2Fv2%2Fcomments&post=8"}],"version-history":[{"count":143,"href":"https:\/\/centrumpolonia.org\/index.php?rest_route=\/wp\/v2\/pages\/8\/revisions"}],"predecessor-version":[{"id":908,"href":"https:\/\/centrumpolonia.org\/index.php?rest_route=\/wp\/v2\/pages\/8\/revisions\/908"}],"wp:attachment":[{"href":"https:\/\/centrumpolonia.org\/index.php?rest_route=%2Fwp%2Fv2%2Fmedia&parent=8"}],"curies":[{"name":"wp","href":"https:\/\/api.w.org\/{rel}","templated":true}]}}