{"id":6,"date":"2021-09-15T22:42:46","date_gmt":"2021-09-15T19:42:46","guid":{"rendered":"http:\/\/centrumpolonia.org\/?page_id=6"},"modified":"2021-09-19T23:38:33","modified_gmt":"2021-09-19T20:38:33","slug":"%d0%bf%d1%80%d0%be-%d0%bd%d0%b0%d1%81","status":"publish","type":"page","link":"https:\/\/centrumpolonia.org\/?page_id=6","title":{"rendered":"O nas"},"content":{"rendered":"\n<p> <\/p>\n\n\n\n<figure class=\"wp-block-image size-large is-style-default\"><img loading=\"lazy\" decoding=\"async\" width=\"1024\" height=\"473\" src=\"https:\/\/centrumpolonia.org\/wp-content\/uploads\/2021\/09\/IMG_1253-1024x473.jpg\" alt=\"\" class=\"wp-image-145\" srcset=\"https:\/\/centrumpolonia.org\/wp-content\/uploads\/2021\/09\/IMG_1253-1024x473.jpg 1024w, https:\/\/centrumpolonia.org\/wp-content\/uploads\/2021\/09\/IMG_1253-300x138.jpg 300w, https:\/\/centrumpolonia.org\/wp-content\/uploads\/2021\/09\/IMG_1253-768x354.jpg 768w, https:\/\/centrumpolonia.org\/wp-content\/uploads\/2021\/09\/IMG_1253-1536x709.jpg 1536w, https:\/\/centrumpolonia.org\/wp-content\/uploads\/2021\/09\/IMG_1253.jpg 1920w\" sizes=\"auto, (max-width: 1024px) 100vw, 1024px\" \/><\/figure>\n\n\n\n<!--more-->\n\n\n\n<p>Centrum Rozwoju i Partnerstwa \u201ePolonia\u201d istnieje od 2012 roku. Jest jedn\u0105 z organizacji, kt\u00f3ra swoj\u0105 dzia\u0142alno\u015b\u0107 skupia na organizacji wsparcia dla \u015brodowiska Polak\u00f3w zamieszkuj\u0105cych obszar Podola.  Wyr\u00f3\u017cnia nas w szczeg\u00f3lno\u015bci realizacja szeregu projekt\u00f3w zwi\u0105zanych z popularyzacj\u0105 j\u0119zyka polskiego oraz szeroko poj\u0119t\u0105 promocj\u0105 polskiej kultury, zw\u0142aszcza w\u015br\u00f3d m\u0142odzie\u017cy polskiego pochodzenia. W ramach dzia\u0142alno\u015bci statutowej od 2012 roku prowadzimy nauczanie j\u0119zyka polskiego dla dzieci m\u0142odzie\u017cy i doros\u0142ych na r\u00f3\u017cnych poziomach znajomo\u015bci j\u0119zyka polskiego. Przygotowujemy do test\u00f3w z j\u0119zyka polskiego, egzamin\u00f3w wst\u0119pnych na studia na polskie uczelnie. Nasi uczniowie zamierzaj\u0105cy studiowa\u0107 albo pracowa\u0107 w Polsce przyst\u0119powali do egzamin\u00f3w w Polsce (Lublin, Warszawa) i na Ukrainie (Miko\u0142aj\u00f3w).  <\/p>\n\n\n\n<p>Aktualnie zaj\u0119cia z j\u0119zyka polskiego jako obcego w CRP \u201ePolonia\u201d prowadz\u0105 nauczyciele, kt\u00f3rzy s\u0105 absolwentami studi\u00f3w polonistycznych w Polsce i na Ukrainie. Ponadto, dzi\u0119ki wsp\u00f3\u0142pracy z O\u015brodkiem Rozwoju Polskiej Edukacji za Granic\u0105 w Warszawie w roku szkolnym 2020\/21 uruchomili\u015bmy j\u0119zykowe zaj\u0119cia konwersacyjne ze s\u0142ownictwem ukierunkowanym na przedmioty \u015bcis\u0142e. Prowadzi je nauczyciel skierowany do pracy za granic\u0105 pan mgr Marek Wr\u00f3blewski \u2013 absolwent Uniwersytetu Marii Curie-Sk\u0142odowskiej.<\/p>\n\n\n\n<p>We wsp\u00f3\u0142pracy z innymi organizacjami, dzia\u0142aj\u0105cymi w Winnickim Okr\u0119gu Konsularnym, a tak\u017ce Fundacj\u0105 \u201eWolno\u015b\u0107 i Demokracja\u201d, Centrum J\u0119zyka Polskiego dla Cudzoziemc\u00f3w Uniwersytetu Jana Kochanowskiego w Kielcach oraz Centrum \u201ePolonicum\u201d Uniwersytetu Warszawskiego aktywnie organizujemy i wspieramy cykliczne wydarzenia, takie jak:<\/p>\n\n\n\n<p>\u2022 Szkolenia metodyczne dla nauczycieli j\u0119zyka polskiego w Winnickim Okr\u0119gu Konsularnym (2017, 2018, 2019)<\/p>\n\n\n\n<p>\u2022 Liderskie Centrum Szkoleniowe na Ukrainie (2019)<\/p>\n\n\n\n<p>\u2022 Narodowe Czytanie z Par\u0105 Prezydenck\u0105 (edycje 2017, 2018, 2019, 2020 i 2021 r.)<\/p>\n\n\n\n<p>\u2022 Dzie\u0144 Polonii i Polak\u00f3w za granic\u0105 (2019, 2020, 2021)<\/p>\n\n\n\n<p>\u2022 Organizacja Wsp\u00f3lnego \u015awi\u0119towania Dnia Niepodleg\u0142o\u015bci dla Polak\u00f3w i Polonii w Winnicy (2019, 2020, 2021)<\/p>\n\n\n\n<p>\u2022 Spotkania Szopenowskie (2016, 2017, 2018, 2019)<\/p>\n\n\n\n<p>\u2022 Wymiana m\u0142odzie\u017cowa ze Szko\u0142\u0105 Podstawow\u0105 Nr 31 im. Stefana Kardyna\u0142a Wyszy\u0144skiego w Warszawie (2017, 2018, 2019)<\/p>\n\n\n\n<p>Jeste\u015bmy g\u0142\u00f3wnym organizatorem corocznych przedsi\u0119wzi\u0119\u0107:<\/p>\n\n\n\n<p>\u2022 Og\u00f3lnoukrai\u0144skie Dyktando z J\u0119zyka Polskiego w Winnicy (2016-2021)<\/p>\n\n\n\n<p>\u2022 Letnie Szko\u0142y J\u0119zyka Polskiego \u201eEkspedycja Polska\u201d (2015-2020)<\/p>\n\n\n\n<p>\u2022 Mi\u0119dzynarodowy Dzie\u0144 J\u0119zyka Ojczystego w Winnicy (2015-2021)<\/p>\n\n\n\n<p>\u2022 Olimpiada Historii Polski (2018-2021)<\/p>\n","protected":false},"excerpt":{"rendered":"","protected":false},"author":1,"featured_media":0,"parent":0,"menu_order":0,"comment_status":"closed","ping_status":"closed","template":"","meta":{"footnotes":""},"class_list":["post-6","page","type-page","status-publish","hentry"],"_links":{"self":[{"href":"https:\/\/centrumpolonia.org\/index.php?rest_route=\/wp\/v2\/pages\/6","targetHints":{"allow":["GET"]}}],"collection":[{"href":"https:\/\/centrumpolonia.org\/index.php?rest_route=\/wp\/v2\/pages"}],"about":[{"href":"https:\/\/centrumpolonia.org\/index.php?rest_route=\/wp\/v2\/types\/page"}],"author":[{"embeddable":true,"href":"https:\/\/centrumpolonia.org\/index.php?rest_route=\/wp\/v2\/users\/1"}],"replies":[{"embeddable":true,"href":"https:\/\/centrumpolonia.org\/index.php?rest_route=%2Fwp%2Fv2%2Fcomments&post=6"}],"version-history":[{"count":12,"href":"https:\/\/centrumpolonia.org\/index.php?rest_route=\/wp\/v2\/pages\/6\/revisions"}],"predecessor-version":[{"id":237,"href":"https:\/\/centrumpolonia.org\/index.php?rest_route=\/wp\/v2\/pages\/6\/revisions\/237"}],"wp:attachment":[{"href":"https:\/\/centrumpolonia.org\/index.php?rest_route=%2Fwp%2Fv2%2Fmedia&parent=6"}],"curies":[{"name":"wp","href":"https:\/\/api.w.org\/{rel}","templated":true}]}}